{"id":2,"date":"2019-02-25T14:15:05","date_gmt":"2019-02-25T13:15:05","guid":{"rendered":"http:\/\/vymetanistodol.cz\/?page_id=2"},"modified":"2024-04-19T20:56:07","modified_gmt":"2024-04-19T18:56:07","slug":"zkusebni-stranka","status":"publish","type":"page","link":"https:\/\/vymetanistodol.cz\/","title":{"rendered":"Uvodni Str\u00e1nka"},"content":{"rendered":"\n<p class=\"has-luminous-vivid-amber-color has-text-color\" style=\"font-size:25px\"><em>Vymet\u00e1n\u00ed stodol je takov\u00fd poklidn\u00fd sraz historick\u00fdch nebo neobvykl\u00fdch vozidel, stroj\u016f, p\u0159\u00edpadn\u011b zaj\u00edmav\u00fdch p\u0159edm\u011bt\u016f<\/em>&#8230;.p\u0159i kter\u00e9m nechyb\u00ed legrace, ob\u010derstven\u00ed, sout\u011b\u017ee, spanil\u00e1 j\u00edzda a pozn\u00e1v\u00e1n\u00ed nov\u00fdch kamar\u00e1d\u016f<br><\/p>\n","protected":false},"excerpt":{"rendered":"<p>Vymet\u00e1n\u00ed stodol je takov\u00fd poklidn\u00fd sraz historick\u00fdch nebo neobvykl\u00fdch vozidel, stroj\u016f, p\u0159\u00edpadn\u011b zaj\u00edmav\u00fdch p\u0159edm\u011bt\u016f&#8230;.p\u0159i kter\u00e9m nechyb\u00ed legrace, ob\u010derstven\u00ed, sout\u011b\u017ee, spanil\u00e1<\/p>\n","protected":false},"author":1,"featured_media":0,"parent":0,"menu_order":0,"comment_status":"closed","ping_status":"open","template":"","meta":[],"_links":{"self":[{"href":"https:\/\/vymetanistodol.cz\/index.php?rest_route=\/wp\/v2\/pages\/2"}],"collection":[{"href":"https:\/\/vymetanistodol.cz\/index.php?rest_route=\/wp\/v2\/pages"}],"about":[{"href":"https:\/\/vymetanistodol.cz\/index.php?rest_route=\/wp\/v2\/types\/page"}],"author":[{"embeddable":true,"href":"https:\/\/vymetanistodol.cz\/index.php?rest_route=\/wp\/v2\/users\/1"}],"replies":[{"embeddable":true,"href":"https:\/\/vymetanistodol.cz\/index.php?rest_route=%2Fwp%2Fv2%2Fcomments&post=2"}],"version-history":[{"count":7,"href":"https:\/\/vymetanistodol.cz\/index.php?rest_route=\/wp\/v2\/pages\/2\/revisions"}],"predecessor-version":[{"id":107,"href":"https:\/\/vymetanistodol.cz\/index.php?rest_route=\/wp\/v2\/pages\/2\/revisions\/107"}],"wp:attachment":[{"href":"https:\/\/vymetanistodol.cz\/index.php?rest_route=%2Fwp%2Fv2%2Fmedia&parent=2"}],"curies":[{"name":"wp","href":"https:\/\/api.w.org\/{rel}","templated":true}]}}