{"id":15,"date":"2019-02-25T14:48:19","date_gmt":"2019-02-25T13:48:19","guid":{"rendered":"http:\/\/vymetanistodol.cz\/?page_id=15"},"modified":"2024-04-19T21:03:47","modified_gmt":"2024-04-19T19:03:47","slug":"fotogalerie","status":"publish","type":"page","link":"https:\/\/vymetanistodol.cz\/?page_id=15","title":{"rendered":"Fotogalerie"},"content":{"rendered":"\n<h4 class=\"has-text-color\" style=\"color:#0657e5\">Spanil\u00e1 j\u00edzda 6.ro\u010dn\u00edk 2022<\/h4>\n\n\n\n<h4 class=\"has-vivid-cyan-blue-color has-text-color\" style=\"font-size:15px\">https:\/\/youtu.be\/IjdCBqVM97w<br><\/h4>\n\n\n\n<h4><a href=\"https:\/\/jurovc.rajce.idnes.cz\/Veterani_okolo_Karlstejna_11.5.2019%2C_zastavka_v_Potepli\">Veter\u00e1ni okolo Karl\u0161tejna 2019<\/a><\/h4>\n\n\n\n<p style=\"font-size:15px\"><a href=\"https:\/\/jurovc.rajce.idnes.cz\/Veterani_okolo_Karlstejna_11.5.2019%2C_zastavka_v_Potepli\">https:\/\/jurovc.rajce.idnes.cz\/Veterani_okolo_Karlstejna_11.5.2019%2C_zastavka_v_Potepli<\/a><\/p>\n\n\n\n<h4><a href=\"https:\/\/jurovc.rajce.idnes.cz\/Vymetani_stodol_IV._rocnik%2C_Potepli_4.8.2018\/\">2018<\/a><\/h4>\n\n\n\n<p><a href=\"https:\/\/jurovc.rajce.idnes.cz\/Vymetani_stodol_IV._rocnik%2C_Potepli_4.8.2018\/\">https:\/\/jurovc.rajce.idnes.cz\/Vymetani_stodol_IV._rocnik%2C_Potepli_4.8.2018\/<\/a><\/p>\n\n\n\n<h4><a href=\"https:\/\/jurovc.rajce.idnes.cz\/Vymetani_stodol_III._rocnik%2C_Potepli_12.8.2017\/\">2017<\/a><\/h4>\n\n\n\n<p><a href=\"https:\/\/jurovc.rajce.idnes.cz\/Vymetani_stodol_III._rocnik%2C_Potepli_12.8.2017\/\">https:\/\/jurovc.rajce.idnes.cz\/Vymetani_stodol_III._rocnik%2C_Potepli_12.8.2017\/<\/a><\/p>\n","protected":false},"excerpt":{"rendered":"<p>Spanil\u00e1 j\u00edzda 6.ro\u010dn\u00edk 2022 https:\/\/youtu.be\/IjdCBqVM97w Veter\u00e1ni okolo Karl\u0161tejna 2019 https:\/\/jurovc.rajce.idnes.cz\/Veterani_okolo_Karlstejna_11.5.2019%2C_zastavka_v_Potepli 2018 https:\/\/jurovc.rajce.idnes.cz\/Vymetani_stodol_IV._rocnik%2C_Potepli_4.8.2018\/ 2017 https:\/\/jurovc.rajce.idnes.cz\/Vymetani_stodol_III._rocnik%2C_Potepli_12.8.2017\/<\/p>\n","protected":false},"author":2,"featured_media":0,"parent":0,"menu_order":0,"comment_status":"closed","ping_status":"closed","template":"","meta":[],"_links":{"self":[{"href":"https:\/\/vymetanistodol.cz\/index.php?rest_route=\/wp\/v2\/pages\/15"}],"collection":[{"href":"https:\/\/vymetanistodol.cz\/index.php?rest_route=\/wp\/v2\/pages"}],"about":[{"href":"https:\/\/vymetanistodol.cz\/index.php?rest_route=\/wp\/v2\/types\/page"}],"author":[{"embeddable":true,"href":"https:\/\/vymetanistodol.cz\/index.php?rest_route=\/wp\/v2\/users\/2"}],"replies":[{"embeddable":true,"href":"https:\/\/vymetanistodol.cz\/index.php?rest_route=%2Fwp%2Fv2%2Fcomments&post=15"}],"version-history":[{"count":8,"href":"https:\/\/vymetanistodol.cz\/index.php?rest_route=\/wp\/v2\/pages\/15\/revisions"}],"predecessor-version":[{"id":111,"href":"https:\/\/vymetanistodol.cz\/index.php?rest_route=\/wp\/v2\/pages\/15\/revisions\/111"}],"wp:attachment":[{"href":"https:\/\/vymetanistodol.cz\/index.php?rest_route=%2Fwp%2Fv2%2Fmedia&parent=15"}],"curies":[{"name":"wp","href":"https:\/\/api.w.org\/{rel}","templated":true}]}}